{"id":5317,"date":"2022-08-03T12:02:12","date_gmt":"2022-08-03T10:02:12","guid":{"rendered":"https:\/\/www.tabledetri.com\/\/mentions-legales\/"},"modified":"2025-03-17T16:00:35","modified_gmt":"2025-03-17T15:00:35","slug":"mentions-legales","status":"publish","type":"page","link":"https:\/\/www.tabledetri.com\/de\/mentions-legales\/","title":{"rendered":"Impressum"},"content":{"rendered":"<header class=\"page-header\"><\/header>\n<header class=\"page-header\">\n<h1>Alle unsere rechtlichen Hinweise<\/h1>\n<\/header>\n<section id=\"content\" class=\"page-content page-cms page-cms-3\"><\/section>\n<p>&nbsp;<\/p>\n<p><b><strong>Entwicklung und Design:<\/strong><\/b><\/p>\n<p>&nbsp;<\/p>\n<p>DWM-IT<br \/>\n15 Allee Paul Langevin<br \/>\n76230 Bois-Guillaume<\/p>\n<p>&nbsp;<\/p>\n<p><a href=\"http:\/\/www.dwm-it.com\/\" target=\"_blank\" rel=\"noreferrer noopener\">www.dwm-it.com<\/a><\/p>\n<p>&nbsp;<\/p>\n<p>Unterkunft:<\/p>\n<p>&nbsp;<\/p>\n<p>OVH S.A.S<br \/>\n2 rue Kellermann \u2013 BP 80157<br \/>\n59053 ROUBAIX CEDEX 1<\/p>\n<p>&nbsp;<\/p>\n<p>&nbsp;<\/p>\n<h2><strong>Informationen zur Online-Streitbeilegung gem\u00e4\u00df Art. 14 Abs. 1 RLL (Online-Streitbeilegung):<\/strong><\/h2>\n<p>&nbsp;<\/p>\n<p>Die Europ\u00e4ische Kommission erm\u00f6glicht Verbrauchern die Online-Streitbeilegung auf einer ihrer Plattformen gem\u00e4\u00df Art. 14 Abs. 1 RLL. Die Plattform (<a href=\"http:\/\/ec.europa.eu\/consumers\/odr\" target=\"_blank\" rel=\"nofollow noopener\">https:\/\/webgate.ec.europa.eu\/odr\/main\/ index.cfm?event=main.home.show&amp;lng=FR<\/a>) fungiert als eine Website, auf der Verbraucher versuchen k\u00f6nnen, Streitigkeiten aus dem Online-Kauf von Waren oder Dienstleistungen au\u00dfergerichtlich beizulegen.<\/p>\n<p>nnen proberen om geschillen die voortvloeien uit de aankoop van goederen of diensten online te schikken.<\/p>\n","protected":false},"excerpt":{"rendered":"<p>Alle unsere rechtlichen Hinweise &nbsp; Entwicklung und Design: &nbsp; DWM-IT 15 Allee Paul Langevin 76230 Bois-Guillaume &nbsp; www.dwm-it.com &nbsp; Unterkunft: &nbsp; OVH S.A.S 2 rue Kellermann \u2013 BP 80157 59053 ROUBAIX CEDEX 1 &nbsp; &nbsp; Informationen zur Online-Streitbeilegung gem\u00e4\u00df Art. 14 Abs. 1 RLL (Online-Streitbeilegung): &nbsp; Die Europ\u00e4ische Kommission erm\u00f6glicht Verbrauchern die Online-Streitbeilegung auf einer [&hellip;]<\/p>\n","protected":false},"author":1,"featured_media":0,"parent":0,"menu_order":0,"comment_status":"closed","ping_status":"closed","template":"","meta":{"_acf_changed":false,"footnotes":""},"class_list":["post-5317","page","type-page","status-publish","hentry"],"acf":[],"yoast_head":"<!-- This site is optimized with the Yoast SEO plugin v26.2 - https:\/\/yoast.com\/wordpress\/plugins\/seo\/ -->\n<title>Impressum - GREENOFFICE<\/title>\n<meta name=\"description\" content=\"Impressum: Entdecken Sie unser Impressum: Gesetze und Richtlinien, die unsere Website regeln, sowie Informationen \u00fcber den Ersteller.\" \/>\n<meta name=\"robots\" content=\"index, follow, max-snippet:-1, max-image-preview:large, max-video-preview:-1\" \/>\n<link rel=\"canonical\" href=\"https:\/\/www.tabledetri.com\/de\/mentions-legales\/\" \/>\n<meta property=\"og:locale\" content=\"de_DE\" \/>\n<meta property=\"og:type\" content=\"article\" \/>\n<meta property=\"og:title\" content=\"Impressum - GREENOFFICE\" \/>\n<meta property=\"og:description\" content=\"Impressum: Entdecken Sie unser Impressum: Gesetze und Richtlinien, die unsere Website regeln, sowie Informationen \u00fcber den Ersteller.\" \/>\n<meta property=\"og:url\" content=\"https:\/\/www.tabledetri.com\/de\/mentions-legales\/\" \/>\n<meta property=\"og:site_name\" content=\"GREENOFFICE\" \/>\n<meta property=\"article:publisher\" content=\"https:\/\/www.facebook.com\/tabledetri\" \/>\n<meta property=\"article:modified_time\" content=\"2025-03-17T15:00:35+00:00\" \/>\n<meta name=\"twitter:card\" content=\"summary_large_image\" \/>\n<meta name=\"twitter:site\" content=\"@Trigotabledetri\" \/>\n<meta name=\"twitter:label1\" content=\"Gesch\u00e4tzte Lesezeit\" \/>\n\t<meta name=\"twitter:data1\" content=\"1\u00a0Minute\" \/>\n<script type=\"application\/ld+json\" class=\"yoast-schema-graph\">{\"@context\":\"https:\/\/schema.org\",\"@graph\":[{\"@type\":\"WebPage\",\"@id\":\"https:\/\/www.tabledetri.com\/de\/mentions-legales\/\",\"url\":\"https:\/\/www.tabledetri.com\/de\/mentions-legales\/\",\"name\":\"Impressum - GREENOFFICE\",\"isPartOf\":{\"@id\":\"https:\/\/www.tabledetri.ch\/#website\"},\"datePublished\":\"2022-08-03T10:02:12+00:00\",\"dateModified\":\"2025-03-17T15:00:35+00:00\",\"description\":\"Impressum: Entdecken Sie unser Impressum: Gesetze und Richtlinien, die unsere Website regeln, sowie Informationen \u00fcber den Ersteller.\",\"breadcrumb\":{\"@id\":\"https:\/\/www.tabledetri.com\/de\/mentions-legales\/#breadcrumb\"},\"inLanguage\":\"de\",\"potentialAction\":[{\"@type\":\"ReadAction\",\"target\":[\"https:\/\/www.tabledetri.com\/de\/mentions-legales\/\"]}]},{\"@type\":\"BreadcrumbList\",\"@id\":\"https:\/\/www.tabledetri.com\/de\/mentions-legales\/#breadcrumb\",\"itemListElement\":[{\"@type\":\"ListItem\",\"position\":1,\"name\":\"STARTSEITE\",\"item\":\"https:\/\/www.tabledetri.ch\/\"},{\"@type\":\"ListItem\",\"position\":2,\"name\":\"Impressum\"}]},{\"@type\":\"WebSite\",\"@id\":\"https:\/\/www.tabledetri.ch\/#website\",\"url\":\"https:\/\/www.tabledetri.ch\/\",\"name\":\"TRIGO\",\"description\":\"Ensemble r\u00e9duisons nos d\u00e9chets !\",\"publisher\":{\"@id\":\"https:\/\/www.tabledetri.ch\/#organization\"},\"potentialAction\":[{\"@type\":\"SearchAction\",\"target\":{\"@type\":\"EntryPoint\",\"urlTemplate\":\"https:\/\/www.tabledetri.ch\/?s={search_term_string}\"},\"query-input\":{\"@type\":\"PropertyValueSpecification\",\"valueRequired\":true,\"valueName\":\"search_term_string\"}}],\"inLanguage\":\"de\"},{\"@type\":\"Organization\",\"@id\":\"https:\/\/www.tabledetri.ch\/#organization\",\"name\":\"TRIGO - Table de tri\",\"url\":\"https:\/\/www.tabledetri.ch\/\",\"logo\":{\"@type\":\"ImageObject\",\"inLanguage\":\"de\",\"@id\":\"https:\/\/www.tabledetri.ch\/#\/schema\/logo\/image\/\",\"url\":\"https:\/\/www.tabledetri.com\/wp-content\/uploads\/2022\/11\/logo-trigo-dark.svg\",\"contentUrl\":\"https:\/\/www.tabledetri.com\/wp-content\/uploads\/2022\/11\/logo-trigo-dark.svg\",\"width\":1,\"height\":1,\"caption\":\"TRIGO - Table de tri\"},\"image\":{\"@id\":\"https:\/\/www.tabledetri.ch\/#\/schema\/logo\/image\/\"},\"sameAs\":[\"https:\/\/www.facebook.com\/tabledetri\",\"https:\/\/x.com\/Trigotabledetri\"]}]}<\/script>\n<!-- \/ Yoast SEO plugin. -->","yoast_head_json":{"title":"Impressum - GREENOFFICE","description":"Impressum: Entdecken Sie unser Impressum: Gesetze und Richtlinien, die unsere Website regeln, sowie Informationen \u00fcber den Ersteller.","robots":{"index":"index","follow":"follow","max-snippet":"max-snippet:-1","max-image-preview":"max-image-preview:large","max-video-preview":"max-video-preview:-1"},"canonical":"https:\/\/www.tabledetri.com\/de\/mentions-legales\/","og_locale":"de_DE","og_type":"article","og_title":"Impressum - GREENOFFICE","og_description":"Impressum: Entdecken Sie unser Impressum: Gesetze und Richtlinien, die unsere Website regeln, sowie Informationen \u00fcber den Ersteller.","og_url":"https:\/\/www.tabledetri.com\/de\/mentions-legales\/","og_site_name":"GREENOFFICE","article_publisher":"https:\/\/www.facebook.com\/tabledetri","article_modified_time":"2025-03-17T15:00:35+00:00","twitter_card":"summary_large_image","twitter_site":"@Trigotabledetri","twitter_misc":{"Gesch\u00e4tzte Lesezeit":"1\u00a0Minute"},"schema":{"@context":"https:\/\/schema.org","@graph":[{"@type":"WebPage","@id":"https:\/\/www.tabledetri.com\/de\/mentions-legales\/","url":"https:\/\/www.tabledetri.com\/de\/mentions-legales\/","name":"Impressum - GREENOFFICE","isPartOf":{"@id":"https:\/\/www.tabledetri.ch\/#website"},"datePublished":"2022-08-03T10:02:12+00:00","dateModified":"2025-03-17T15:00:35+00:00","description":"Impressum: Entdecken Sie unser Impressum: Gesetze und Richtlinien, die unsere Website regeln, sowie Informationen \u00fcber den Ersteller.","breadcrumb":{"@id":"https:\/\/www.tabledetri.com\/de\/mentions-legales\/#breadcrumb"},"inLanguage":"de","potentialAction":[{"@type":"ReadAction","target":["https:\/\/www.tabledetri.com\/de\/mentions-legales\/"]}]},{"@type":"BreadcrumbList","@id":"https:\/\/www.tabledetri.com\/de\/mentions-legales\/#breadcrumb","itemListElement":[{"@type":"ListItem","position":1,"name":"STARTSEITE","item":"https:\/\/www.tabledetri.ch\/"},{"@type":"ListItem","position":2,"name":"Impressum"}]},{"@type":"WebSite","@id":"https:\/\/www.tabledetri.ch\/#website","url":"https:\/\/www.tabledetri.ch\/","name":"TRIGO","description":"Ensemble r\u00e9duisons nos d\u00e9chets !","publisher":{"@id":"https:\/\/www.tabledetri.ch\/#organization"},"potentialAction":[{"@type":"SearchAction","target":{"@type":"EntryPoint","urlTemplate":"https:\/\/www.tabledetri.ch\/?s={search_term_string}"},"query-input":{"@type":"PropertyValueSpecification","valueRequired":true,"valueName":"search_term_string"}}],"inLanguage":"de"},{"@type":"Organization","@id":"https:\/\/www.tabledetri.ch\/#organization","name":"TRIGO - Table de tri","url":"https:\/\/www.tabledetri.ch\/","logo":{"@type":"ImageObject","inLanguage":"de","@id":"https:\/\/www.tabledetri.ch\/#\/schema\/logo\/image\/","url":"https:\/\/www.tabledetri.com\/wp-content\/uploads\/2022\/11\/logo-trigo-dark.svg","contentUrl":"https:\/\/www.tabledetri.com\/wp-content\/uploads\/2022\/11\/logo-trigo-dark.svg","width":1,"height":1,"caption":"TRIGO - Table de tri"},"image":{"@id":"https:\/\/www.tabledetri.ch\/#\/schema\/logo\/image\/"},"sameAs":["https:\/\/www.facebook.com\/tabledetri","https:\/\/x.com\/Trigotabledetri"]}]}},"_links":{"self":[{"href":"https:\/\/www.tabledetri.com\/de\/wp-json\/wp\/v2\/pages\/5317","targetHints":{"allow":["GET"]}}],"collection":[{"href":"https:\/\/www.tabledetri.com\/de\/wp-json\/wp\/v2\/pages"}],"about":[{"href":"https:\/\/www.tabledetri.com\/de\/wp-json\/wp\/v2\/types\/page"}],"author":[{"embeddable":true,"href":"https:\/\/www.tabledetri.com\/de\/wp-json\/wp\/v2\/users\/1"}],"replies":[{"embeddable":true,"href":"https:\/\/www.tabledetri.com\/de\/wp-json\/wp\/v2\/comments?post=5317"}],"version-history":[{"count":0,"href":"https:\/\/www.tabledetri.com\/de\/wp-json\/wp\/v2\/pages\/5317\/revisions"}],"wp:attachment":[{"href":"https:\/\/www.tabledetri.com\/de\/wp-json\/wp\/v2\/media?parent=5317"}],"curies":[{"name":"wp","href":"https:\/\/api.w.org\/{rel}","templated":true}]}}