{"id":4278,"date":"2022-08-03T12:01:34","date_gmt":"2022-08-03T10:01:34","guid":{"rendered":"https:\/\/www.tabledetri.com\/\/nous-contacter\/"},"modified":"2025-03-17T11:38:06","modified_gmt":"2025-03-17T10:38:06","slug":"kontakt","status":"publish","type":"page","link":"https:\/\/www.tabledetri.com\/de\/kontakt\/","title":{"rendered":"Kontakt"},"content":{"rendered":"<h1 style=\"text-align:center\">Kontaktieren Sie uns f\u00fcr Details zu unseren Sortiertischen<\/h1>\n<h2 style=\"text-align: center; font-size: 20px; margin-top: 15px; font-weight: lighter\">Bitte f\u00fcllen Sie das untenstehende Formular aus, damit wir auf Ihre Anfrage reagieren k\u00f6nnen.<\/h2>\n<p style=\"padding-top: 10px; width: 90%; margin: auto\">Die Trigo-Teams werden Ihnen so schnell wie m\u00f6glich antworten, um Sie zu beraten und unsere Sortiertische zu besprechen. Wir unterst\u00fctzen Sie auch bei der Anpassung an Ihre Bed\u00fcrfnisse.<\/p>\n\n<div class=\"wpcf7 no-js\" id=\"wpcf7-f5583-o1\" lang=\"de-DE\" dir=\"ltr\" data-wpcf7-id=\"5583\">\n<div class=\"screen-reader-response\"><p role=\"status\" aria-live=\"polite\" aria-atomic=\"true\"><\/p> <ul><\/ul><\/div>\n<form action=\"\/de\/wp-json\/wp\/v2\/pages\/4278#wpcf7-f5583-o1\" method=\"post\" class=\"wpcf7-form init\" id=\"custom-cf7-form\" aria-label=\"Kontaktformular\" novalidate=\"novalidate\" data-status=\"init\">\n<fieldset class=\"hidden-fields-container\"><input type=\"hidden\" name=\"_wpcf7\" value=\"5583\" \/><input type=\"hidden\" name=\"_wpcf7_version\" value=\"6.1.5\" \/><input type=\"hidden\" name=\"_wpcf7_locale\" value=\"de_DE\" \/><input type=\"hidden\" name=\"_wpcf7_unit_tag\" value=\"wpcf7-f5583-o1\" \/><input type=\"hidden\" name=\"_wpcf7_container_post\" value=\"0\" \/><input type=\"hidden\" name=\"_wpcf7_posted_data_hash\" value=\"\" \/><input type=\"hidden\" name=\"_wpcf7_recaptcha_response\" value=\"\" \/>\n<\/fieldset>\n<div class=\"grve-form-style-1 grve-white-bg grve-margin-top-md grve-padding-md\">\n    <div class=\"form-wrapper\">\n        <div class=\"grve-position-left grve-with-icon grve-last-column\">\n            <i class=\"fa fa-building\"><\/i>\n            <span class=\"form-control-wrap\">\n                <span class=\"wpcf7-form-control-wrap\" data-name=\"your-company\"><input size=\"120\" maxlength=\"400\" class=\"wpcf7-form-control wpcf7-text wpcf7-validates-as-required form-control\" aria-required=\"true\" aria-invalid=\"false\" placeholder=\"Ihre firma*\" value=\"\" type=\"text\" name=\"your-company\" \/><\/span>\n            <\/span>\n        <\/div>\n        <div class=\"grve-one-half grve-with-icon\">\n            <i class=\"fa fa-user\"><\/i>\n            <span class=\"form-control-wrap\">\n                <span class=\"wpcf7-form-control-wrap\" data-name=\"your-lastname\"><input size=\"40\" maxlength=\"400\" class=\"wpcf7-form-control wpcf7-text wpcf7-validates-as-required form-control\" aria-required=\"true\" aria-invalid=\"false\" placeholder=\"Name*\" value=\"\" type=\"text\" name=\"your-lastname\" \/><\/span>\n            <\/span>\n        <\/div>\n        <div class=\"grve-one-half grve-with-icon\">\n            <i class=\"fa fa-user\"><\/i>\n            <span class=\"form-control-wrap\">\n                <span class=\"wpcf7-form-control-wrap\" data-name=\"your-firstname\"><input size=\"40\" maxlength=\"400\" class=\"wpcf7-form-control wpcf7-text wpcf7-validates-as-required form-control\" aria-required=\"true\" aria-invalid=\"false\" placeholder=\"Pr\u00e4noim*\" value=\"\" type=\"text\" name=\"your-firstname\" \/><\/span>\n            <\/span>\n        <\/div>\n        <div class=\"grve-one-half grve-with-icon\">\n            <i class=\"fa fa-envelope\"><\/i>\n            <span class=\"form-control-wrap\">\n                <span class=\"wpcf7-form-control-wrap\" data-name=\"your-email\"><input size=\"40\" maxlength=\"400\" class=\"wpcf7-form-control wpcf7-email wpcf7-validates-as-required wpcf7-text wpcf7-validates-as-email form-control\" aria-required=\"true\" aria-invalid=\"false\" placeholder=\"Email*\" value=\"\" type=\"email\" name=\"your-email\" \/><\/span>\n            <\/span>\n        <\/div>\n        <div class=\"grve-one-half grve-with-icon\">\n            <i class=\"fa fa-phone\"><\/i>\n            <span class=\"form-control-wrap\">\n                <span class=\"wpcf7-form-control-wrap\" data-name=\"your-phone\"><input size=\"40\" maxlength=\"400\" class=\"wpcf7-form-control wpcf7-tel wpcf7-validates-as-required wpcf7-text wpcf7-validates-as-tel form-control\" aria-required=\"true\" aria-invalid=\"false\" placeholder=\"Telefonish*\" value=\"\" type=\"tel\" name=\"your-phone\" \/><\/span>\n            <\/span>\n        <\/div>\n        <div class=\"grve-position-left grve-with-icon grve-last-column\">\n            <i class=\"fa fa-map-marker\"><\/i>\n            <span class=\"form-control-wrap\">\n                <span class=\"wpcf7-form-control-wrap\" data-name=\"your-address\"><input size=\"120\" maxlength=\"400\" class=\"wpcf7-form-control wpcf7-text wpcf7-validates-as-required form-control\" aria-required=\"true\" aria-invalid=\"false\" placeholder=\"Adressiert*\" value=\"\" type=\"text\" name=\"your-address\" \/><\/span>\n            <\/span>\n        <\/div>\n        <div class=\"grve-one-half grve-with-icon\">\n            <i class=\"fa fa-map-marker\"><\/i>\n            <span class=\"form-control-wrap\">\n                <span class=\"wpcf7-form-control-wrap\" data-name=\"your-city\"><input size=\"65\" maxlength=\"400\" class=\"wpcf7-form-control wpcf7-text wpcf7-validates-as-required form-control\" aria-required=\"true\" aria-invalid=\"false\" placeholder=\"Stadt*\" value=\"\" type=\"text\" name=\"your-city\" \/><\/span>\n            <\/span>\n        <\/div>\n        <div class=\"grve-one-half grve-with-icon\">\n            <i class=\"fa fa-map-marker\"><\/i>\n            <span class=\"form-control-wrap\">\n                <span class=\"wpcf7-form-control-wrap\" data-name=\"your-zipcode\"><input size=\"28\" maxlength=\"400\" class=\"wpcf7-form-control wpcf7-text wpcf7-validates-as-required form-control\" aria-required=\"true\" aria-invalid=\"false\" placeholder=\"Postleitzahl*\" value=\"\" type=\"text\" name=\"your-zipcode\" \/><\/span>\n            <\/span>\n        <\/div>\n        <div class=\"grve-position-left grve-last-column\">\n            <span class=\"form-control-wrap\">\n                <span class=\"wpcf7-form-control-wrap\" data-name=\"your-message\"><textarea cols=\"40\" rows=\"10\" maxlength=\"2000\" class=\"wpcf7-form-control wpcf7-textarea wpcf7-validates-as-required form-control\" aria-required=\"true\" aria-invalid=\"false\" placeholder=\"Ihre message*\" name=\"your-message\"><\/textarea><\/span>\n            <\/span>\n        <\/div>\n        <div class=\"grve-position-right\">\n            <em>* Ben\u00f6tigte Felder<\/em>\n        <\/div>\n    <\/div>\n    <div class=\"grve-align-center grve-margin-top-md\">\n        <input class=\"wpcf7-form-control wpcf7-submit has-spinner form-control form-submit grve-btn grve-btn-large grve-extra-round grve-bg-black\" type=\"submit\" value=\"Ich sende meine Anfrage\" \/>\n    <\/div>\n<\/div><div class=\"wpcf7-response-output\" aria-hidden=\"true\"><\/div>\n<\/form>\n<\/div>\n\n<h2 style=\"text-align: center; margin-top:15px; margin-bottom:15px\">FAQ<\/h2>\n<h3 style=\"margin-top: 15px\">Werden Ihre Produkte wirklich in Frankreich hergestellt?<\/h3>\n<p>Ja, unsere Sortierbahnen werden in der Normandie produziert, unsere Beh\u00e4lter f\u00fcr die Sammlung von Bioabf\u00e4llen werden im Departement Oise hergestellt, und unsere Dibonds werden in unseren R\u00e4umlichkeiten personalisiert und in Caen bedruckt. Wir bleiben in engem Kontakt mit unseren Partnern und Dienstleistern, um eine schnelle und effiziente Produktbetreuung zu gew\u00e4hrleisten.<\/p>\n<h3>Gibt es eine Nachverfolgung Ihrer Produkte?<\/h3>\n<p>Ja, wir bieten bei Bedarf einen Kundendienst an, obwohl die Anfragen selten sind. Ein Expertenteam steht Ihnen f\u00fcr alle Fragen zur Verf\u00fcgung.<\/p>\n","protected":false},"excerpt":{"rendered":"<p>Kontaktieren Sie uns f\u00fcr Details zu unseren Sortiertischen Bitte f\u00fcllen Sie das untenstehende Formular aus, damit wir auf Ihre Anfrage reagieren k\u00f6nnen. Die Trigo-Teams werden Ihnen so schnell wie m\u00f6glich antworten, um Sie zu beraten und unsere Sortiertische zu besprechen. Wir unterst\u00fctzen Sie auch bei der Anpassung an Ihre Bed\u00fcrfnisse. FAQ Werden Ihre Produkte wirklich [&hellip;]<\/p>\n","protected":false},"author":1,"featured_media":0,"parent":0,"menu_order":0,"comment_status":"closed","ping_status":"closed","template":"","meta":{"_acf_changed":false,"footnotes":""},"class_list":["post-4278","page","type-page","status-publish","hentry"],"acf":[],"yoast_head":"<!-- This site is optimized with the Yoast SEO plugin v26.2 - https:\/\/yoast.com\/wordpress\/plugins\/seo\/ -->\n<title>Kontakt - GREENOFFICE<\/title>\n<meta name=\"description\" content=\"Kontaktieren Sie uns: Kontaktieren Sie uns hier f\u00fcr Anfragen und Bestellungen. Unser Team steht bereit, um Ihnen bei Ihren Bed\u00fcrfnissen zu helfen.\" \/>\n<meta name=\"robots\" content=\"index, follow, max-snippet:-1, max-image-preview:large, max-video-preview:-1\" \/>\n<link rel=\"canonical\" href=\"https:\/\/www.tabledetri.com\/de\/kontakt\/\" \/>\n<meta property=\"og:locale\" content=\"de_DE\" \/>\n<meta property=\"og:type\" content=\"article\" \/>\n<meta property=\"og:title\" content=\"Kontakt - GREENOFFICE\" \/>\n<meta property=\"og:description\" content=\"Kontaktieren Sie uns: Kontaktieren Sie uns hier f\u00fcr Anfragen und Bestellungen. Unser Team steht bereit, um Ihnen bei Ihren Bed\u00fcrfnissen zu helfen.\" \/>\n<meta property=\"og:url\" content=\"https:\/\/www.tabledetri.com\/de\/kontakt\/\" \/>\n<meta property=\"og:site_name\" content=\"GREENOFFICE\" \/>\n<meta property=\"article:publisher\" content=\"https:\/\/www.facebook.com\/tabledetri\" \/>\n<meta property=\"article:modified_time\" content=\"2025-03-17T10:38:06+00:00\" \/>\n<meta name=\"twitter:card\" content=\"summary_large_image\" \/>\n<meta name=\"twitter:site\" content=\"@Trigotabledetri\" \/>\n<meta name=\"twitter:label1\" content=\"Gesch\u00e4tzte Lesezeit\" \/>\n\t<meta name=\"twitter:data1\" content=\"1\u00a0Minute\" \/>\n<script type=\"application\/ld+json\" class=\"yoast-schema-graph\">{\"@context\":\"https:\/\/schema.org\",\"@graph\":[{\"@type\":\"WebPage\",\"@id\":\"https:\/\/www.tabledetri.com\/de\/kontakt\/\",\"url\":\"https:\/\/www.tabledetri.com\/de\/kontakt\/\",\"name\":\"Kontakt - GREENOFFICE\",\"isPartOf\":{\"@id\":\"https:\/\/www.tabledetri.com\/de\/#website\"},\"datePublished\":\"2022-08-03T10:01:34+00:00\",\"dateModified\":\"2025-03-17T10:38:06+00:00\",\"description\":\"Kontaktieren Sie uns: Kontaktieren Sie uns hier f\u00fcr Anfragen und Bestellungen. Unser Team steht bereit, um Ihnen bei Ihren Bed\u00fcrfnissen zu helfen.\",\"breadcrumb\":{\"@id\":\"https:\/\/www.tabledetri.com\/de\/kontakt\/#breadcrumb\"},\"inLanguage\":\"de\",\"potentialAction\":[{\"@type\":\"ReadAction\",\"target\":[\"https:\/\/www.tabledetri.com\/de\/kontakt\/\"]}]},{\"@type\":\"BreadcrumbList\",\"@id\":\"https:\/\/www.tabledetri.com\/de\/kontakt\/#breadcrumb\",\"itemListElement\":[{\"@type\":\"ListItem\",\"position\":1,\"name\":\"STARTSEITE\",\"item\":\"https:\/\/www.tabledetri.ch\/\"},{\"@type\":\"ListItem\",\"position\":2,\"name\":\"Kontakt\"}]},{\"@type\":\"WebSite\",\"@id\":\"https:\/\/www.tabledetri.com\/de\/#website\",\"url\":\"https:\/\/www.tabledetri.com\/de\/\",\"name\":\"TRIGO\",\"description\":\"Ensemble r\u00e9duisons nos d\u00e9chets !\",\"publisher\":{\"@id\":\"https:\/\/www.tabledetri.com\/de\/#organization\"},\"potentialAction\":[{\"@type\":\"SearchAction\",\"target\":{\"@type\":\"EntryPoint\",\"urlTemplate\":\"https:\/\/www.tabledetri.com\/de\/?s={search_term_string}\"},\"query-input\":{\"@type\":\"PropertyValueSpecification\",\"valueRequired\":true,\"valueName\":\"search_term_string\"}}],\"inLanguage\":\"de\"},{\"@type\":\"Organization\",\"@id\":\"https:\/\/www.tabledetri.com\/de\/#organization\",\"name\":\"TRIGO - Table de tri\",\"url\":\"https:\/\/www.tabledetri.com\/de\/\",\"logo\":{\"@type\":\"ImageObject\",\"inLanguage\":\"de\",\"@id\":\"https:\/\/www.tabledetri.com\/de\/#\/schema\/logo\/image\/\",\"url\":\"https:\/\/www.tabledetri.com\/wp-content\/uploads\/2022\/11\/logo-trigo-dark.svg\",\"contentUrl\":\"https:\/\/www.tabledetri.com\/wp-content\/uploads\/2022\/11\/logo-trigo-dark.svg\",\"width\":1,\"height\":1,\"caption\":\"TRIGO - Table de tri\"},\"image\":{\"@id\":\"https:\/\/www.tabledetri.com\/de\/#\/schema\/logo\/image\/\"},\"sameAs\":[\"https:\/\/www.facebook.com\/tabledetri\",\"https:\/\/x.com\/Trigotabledetri\"]}]}<\/script>\n<!-- \/ Yoast SEO plugin. -->","yoast_head_json":{"title":"Kontakt - GREENOFFICE","description":"Kontaktieren Sie uns: Kontaktieren Sie uns hier f\u00fcr Anfragen und Bestellungen. Unser Team steht bereit, um Ihnen bei Ihren Bed\u00fcrfnissen zu helfen.","robots":{"index":"index","follow":"follow","max-snippet":"max-snippet:-1","max-image-preview":"max-image-preview:large","max-video-preview":"max-video-preview:-1"},"canonical":"https:\/\/www.tabledetri.com\/de\/kontakt\/","og_locale":"de_DE","og_type":"article","og_title":"Kontakt - GREENOFFICE","og_description":"Kontaktieren Sie uns: Kontaktieren Sie uns hier f\u00fcr Anfragen und Bestellungen. Unser Team steht bereit, um Ihnen bei Ihren Bed\u00fcrfnissen zu helfen.","og_url":"https:\/\/www.tabledetri.com\/de\/kontakt\/","og_site_name":"GREENOFFICE","article_publisher":"https:\/\/www.facebook.com\/tabledetri","article_modified_time":"2025-03-17T10:38:06+00:00","twitter_card":"summary_large_image","twitter_site":"@Trigotabledetri","twitter_misc":{"Gesch\u00e4tzte Lesezeit":"1\u00a0Minute"},"schema":{"@context":"https:\/\/schema.org","@graph":[{"@type":"WebPage","@id":"https:\/\/www.tabledetri.com\/de\/kontakt\/","url":"https:\/\/www.tabledetri.com\/de\/kontakt\/","name":"Kontakt - GREENOFFICE","isPartOf":{"@id":"https:\/\/www.tabledetri.com\/de\/#website"},"datePublished":"2022-08-03T10:01:34+00:00","dateModified":"2025-03-17T10:38:06+00:00","description":"Kontaktieren Sie uns: Kontaktieren Sie uns hier f\u00fcr Anfragen und Bestellungen. Unser Team steht bereit, um Ihnen bei Ihren Bed\u00fcrfnissen zu helfen.","breadcrumb":{"@id":"https:\/\/www.tabledetri.com\/de\/kontakt\/#breadcrumb"},"inLanguage":"de","potentialAction":[{"@type":"ReadAction","target":["https:\/\/www.tabledetri.com\/de\/kontakt\/"]}]},{"@type":"BreadcrumbList","@id":"https:\/\/www.tabledetri.com\/de\/kontakt\/#breadcrumb","itemListElement":[{"@type":"ListItem","position":1,"name":"STARTSEITE","item":"https:\/\/www.tabledetri.ch\/"},{"@type":"ListItem","position":2,"name":"Kontakt"}]},{"@type":"WebSite","@id":"https:\/\/www.tabledetri.com\/de\/#website","url":"https:\/\/www.tabledetri.com\/de\/","name":"TRIGO","description":"Ensemble r\u00e9duisons nos d\u00e9chets !","publisher":{"@id":"https:\/\/www.tabledetri.com\/de\/#organization"},"potentialAction":[{"@type":"SearchAction","target":{"@type":"EntryPoint","urlTemplate":"https:\/\/www.tabledetri.com\/de\/?s={search_term_string}"},"query-input":{"@type":"PropertyValueSpecification","valueRequired":true,"valueName":"search_term_string"}}],"inLanguage":"de"},{"@type":"Organization","@id":"https:\/\/www.tabledetri.com\/de\/#organization","name":"TRIGO - Table de tri","url":"https:\/\/www.tabledetri.com\/de\/","logo":{"@type":"ImageObject","inLanguage":"de","@id":"https:\/\/www.tabledetri.com\/de\/#\/schema\/logo\/image\/","url":"https:\/\/www.tabledetri.com\/wp-content\/uploads\/2022\/11\/logo-trigo-dark.svg","contentUrl":"https:\/\/www.tabledetri.com\/wp-content\/uploads\/2022\/11\/logo-trigo-dark.svg","width":1,"height":1,"caption":"TRIGO - Table de tri"},"image":{"@id":"https:\/\/www.tabledetri.com\/de\/#\/schema\/logo\/image\/"},"sameAs":["https:\/\/www.facebook.com\/tabledetri","https:\/\/x.com\/Trigotabledetri"]}]}},"_links":{"self":[{"href":"https:\/\/www.tabledetri.com\/de\/wp-json\/wp\/v2\/pages\/4278","targetHints":{"allow":["GET"]}}],"collection":[{"href":"https:\/\/www.tabledetri.com\/de\/wp-json\/wp\/v2\/pages"}],"about":[{"href":"https:\/\/www.tabledetri.com\/de\/wp-json\/wp\/v2\/types\/page"}],"author":[{"embeddable":true,"href":"https:\/\/www.tabledetri.com\/de\/wp-json\/wp\/v2\/users\/1"}],"replies":[{"embeddable":true,"href":"https:\/\/www.tabledetri.com\/de\/wp-json\/wp\/v2\/comments?post=4278"}],"version-history":[{"count":0,"href":"https:\/\/www.tabledetri.com\/de\/wp-json\/wp\/v2\/pages\/4278\/revisions"}],"wp:attachment":[{"href":"https:\/\/www.tabledetri.com\/de\/wp-json\/wp\/v2\/media?parent=4278"}],"curies":[{"name":"wp","href":"https:\/\/api.w.org\/{rel}","templated":true}]}}