{"id":4261,"date":"2022-08-03T12:02:36","date_gmt":"2022-08-03T10:02:36","guid":{"rendered":"https:\/\/www.tabledetri.com\/\/cgv\/"},"modified":"2025-03-13T10:39:29","modified_gmt":"2025-03-13T09:39:29","slug":"cgv","status":"publish","type":"page","link":"https:\/\/www.tabledetri.com\/de\/cgv\/","title":{"rendered":"Allgemeine Verkaufs-Bedingungen"},"content":{"rendered":"<header class=\"page-header\">\n<h1 style=\"font-weight: 700 !important;\">Allgemeine Verkaufs-Bedingungen<\/h1>\n<p>Allgemeine Verkaufsbedingungen<\/p>\n<p>Pr\u00e4ambel: Jeder mit Greenoffice get\u00e4tigte Verkauf f\u00fchrt zu systematische Einhaltung der folgenden allgemeinen Verkaufsbedingungen. Diese haben Vorrang vor allen anderen allgemeinen Bedingungen, einschlie\u00dflich denen der anderen Partei.<\/p>\n<p>Produkte : Alle auf der Website www.tabledetri.fr vorgestellten Produkte sind f\u00fcr Profis gedacht. Die Texte und Fotos, die die Produkte veranschaulichen, sind nicht vertraglich.<\/p>\n<p>Befehl : Alle Bestellungen m\u00fcssen vorbehalten sein ein offizielles Bestellformular der anderen Partei mit Angabe der Rechnungsadresse, der Lieferadresse, ihrer SIRET-Nummer und der Telefonangaben.<\/p>\n<p>Verf\u00fcgbarkeit : Unsere Angebote sind nur g\u00fcltig, solange der Vorrat reicht. Bei der Bestellung werden wir Sie \u00fcber die Verf\u00fcgbarkeit der Produkte informieren, die Sie erwerben m\u00f6chten. Wenn sich die Produkte trotz unserer Wachsamkeit nach Ihrer Bestellung als vor\u00fcbergehend nicht verf\u00fcgbar herausstellen (nicht vorr\u00e4tig, Neuauflage usw.), werden wir Sie per E-Mail benachrichtigen und Sie auffordern, Ihre Bestellung zu stornieren oder zu \u00e4ndern und \/ oder Lieferdatum. Wenn sich herausstellt, dass die Produkte nach der Bestellung definitiv nicht verf\u00fcgbar sind (Ersch\u00f6pfung des Lagerbestands usw.), stornieren wir Ihre Bestellung automatisch und informieren Sie per E-Mail, bevor wir die Betr\u00e4ge erstatten, die f\u00fcr das mit Produkte \u00e9 M\u00f6glicherweise fehlt<\/p>\n<p>Lieferung und Transport: Greenoffice verpflichtet sich, Bestellungen an die Lieferadresse und innerhalb der auf dem Bestellformular angegebenen Fristen zu liefern. Eine versp\u00e4tete Lieferung kann nicht zu Sch\u00e4den, Zur\u00fcckhaltung oder Stornierung der aktuellen Bestellung f\u00fchren. Die Versandkosten sind Gegenstand eines konkreten Angebots. Weitere Informationen erhalten Sie von unserer Verkaufsabteilung unter 01 40 87 10 00 oder per\u00a0email:<a href=\"mailto:contact@greenoffice.fr\">contact@greenoffice.fr<\/a>.<\/p>\n<p>Wenn die Lieferung einem Spediteur anvertraut wird, ist es Sache des Kunden, im Falle einer Besch\u00e4digung oder eines Fehlens unverz\u00fcglich alle erforderlichen Bemerkungen zu machen Transportdokumente und Best\u00e4tigung ihrer Reservierungen per Einschreiben mit Empfangsbest\u00e4tigung an Greenoffice innerhalb von drei Tagen nach Erhalt der Ware (Art. L133-3 des Handelsgesetzbuchs). Falls der Empf\u00e4nger diese Klausel nicht einh\u00e4lt, wird seine Verantwortung \u00fcbernommen und keine weitere Beschwerde ber\u00fccksichtigt. In allen F\u00e4llen geht das Risiko des Verlusts oder der Verschlechterung der Produkte und Materialien auf den Kunden \u00fcber, sobald dieser das Greenoffice-Lager verl\u00e4sst.<\/p>\n<p>Garantie: F\u00fcr alle Ger\u00e4te und Produkte gilt eine Garantie von 2 Jahren ab dem Datum des Eingangs beim Kunden gegen Herstellungsfehler oder Materialfehler. Die Garantie beschr\u00e4nkt sich auf den Austausch oder die Reparatur von Ger\u00e4ten, die als defekt erkannt wurden, mit Ausnahme von Verbrauchsmaterialien und Zubeh\u00f6r. Das Reparieren oder Ersetzen eines Produkts berechtigt Sie nicht zu einer erweiterten Garantie f\u00fcr dieses Produkt.<\/p>\n<p>In jedem Fall tut Greenoffice dies kann f\u00fcr die Folgen des Materials f\u00fcr andere Waren und \/ oder f\u00fcr direkte oder indirekte Sch\u00e4den verantwortlich gemacht werden.<\/p>\n<p>Preis : Unsere Preisliste ist auf Anfrage per E-Mail an contact@greenoffice.fr oder an unsere Verkaufsabteilung 01 40 87 10 00 erh\u00e4ltlich. Unser Preis ist f\u00fcr ein Kalenderjahr garantiert. Bei Sonderbestellungen gelten die Preise bis zum auf dem Kostenvoranschlag angegebenen G\u00fcltigkeitsdatum. Alle Preise enthalten keine Steuern und Versandkosten, sofern dies nicht angegeben ist.<\/p>\n<p>Zahlung : Rechnungen sind 30 Tage nach Erhalt zahlbar Rechnung per Bank\u00fcberweisung oder Scheck in dem Wissen, dass die Zahlung wirksam ist, wenn die Betr\u00e4ge dem Konto gutgeschrieben werden. Wenn die Zahlung nicht bis zum F\u00e4lligkeitsdatum erfolgt, werden Strafen f\u00fcr versp\u00e4tete Zahlungen in H\u00f6he von Die an die Europ\u00e4ische Zentralbank angewendeten Zinsen wurden um 10 Punkte erh\u00f6ht. Diese Zinsen sind ab dem Datum des ersten Tages nach dem F\u00e4lligkeitsdatum bis zur tats\u00e4chlichen Zahlung f\u00e4llig. Dar\u00fcber hinaus wird im Falle eines Rechtsstreits zur Erreichung der Zahlung eine Strafe in H\u00f6he von 10% f\u00e4llig. f\u00e4llige Betr\u00e4ge. Bei vorzeitiger Zahlung gibt es keinen Rabatt.<\/p>\n<p>Nichtbezahlung von a Nur eine f\u00e4llige Rechnung verf\u00e4llt sofort alle ausstehenden Rechnungen und die Aussetzung oder Stornierung (nach Wahl von Greenoffice) aller aktuellen Bestellungen.<\/p>\n<p>Beibehaltung des Titels : Es wird ausdr\u00fccklich verstanden, dass Greenoffice das Ganze und l beh\u00e4lt &#8218;ausschlie\u00dfliches Eigentum an den verkauften Waren bis zur vollst\u00e4ndigen Zahlung ihres Preises. In dieser Hinsicht kann die Lieferung von Wechseln oder anderen Wertpapieren, die eine Zahlungsverpflichtung begr\u00fcnden, keine Zahlung darstellen.<\/p>\n<p>Rabatt f\u00fcr vorzeitige Zahlung: 0,5% . Bei versp\u00e4teter Zahlung wird eine Strafe in H\u00f6he des um 10 Punkte erh\u00f6hten Refinanzierungssatzes der EZB in Rechnung gestellt, zu der eine feste Entsch\u00e4digung f\u00fcr die Erstattungskosten in H\u00f6he von 40 \u20ac hinzukommt (c. Com. Art. D. 441) -5). Client und \/ oder Repr\u00e4sentant \u00e9 &lt; \/ span&gt; Sentant s &#8218; priorisiert \u00e9 bis &lt; span style = &#8222;Schriftgr\u00f6\u00dfe: 8pt; Schriftfamilie: Montserrat;&#8220;&gt; la soci \u00e9 t \u00e9 GREENOFFICE, um eine einvernehmliche L\u00f6sung zu finden, au\u00dfer im Falle der Nichtzahlung. Die begr\u00fcndete Beschwerde wird schriftlich an die Firma GREENOFFICE gerichtet, insbesondere per Fax oder Einschreiben. Wenn die Parteien nicht innerhalb eines Monats nach Auftreten des Streitfalls eine Einigung erzielen, vereinbaren sie einvernehmlich, dass alle Streitigkeiten, die sich aus dem Abschluss und der Ausf\u00fchrung der zwischen dem Unternehmen GREENOFFICE und seinen Kunden, juristischen Personen, geschlossenen Vertr\u00e4ge ergeben. wird vor das Handelsgericht von Nanterre gebracht von der flei\u00dfigsten Partei kontaktiert, auch bei mehreren Angeklagten oder Dritten.<\/p>\n<p>Anwendbares Recht\u00a0:\u00a0Das f\u00fcr GREENOFFICE-Vertragsbeziehungen \/ das Kundenunternehmen geltende Recht ist franz\u00f6sisches Recht. Dieses Recht gilt jedoch nur f\u00fcr Beziehungen, die \u00fcber das hinausgehen, was in diesen allgemeinen Verkaufsbedingungen nicht vorgesehen ist.<\/p>\n<\/header>\n","protected":false},"excerpt":{"rendered":"<p>Allgemeine Verkaufs-Bedingungen Allgemeine Verkaufsbedingungen Pr\u00e4ambel: Jeder mit Greenoffice get\u00e4tigte Verkauf f\u00fchrt zu systematische Einhaltung der folgenden allgemeinen Verkaufsbedingungen. Diese haben Vorrang vor allen anderen allgemeinen Bedingungen, einschlie\u00dflich denen der anderen Partei. Produkte : Alle auf der Website www.tabledetri.fr vorgestellten Produkte sind f\u00fcr Profis gedacht. Die Texte und Fotos, die die Produkte veranschaulichen, sind nicht vertraglich. [&hellip;]<\/p>\n","protected":false},"author":1,"featured_media":0,"parent":0,"menu_order":0,"comment_status":"closed","ping_status":"closed","template":"templates\/cgv.php","meta":{"_acf_changed":false,"footnotes":""},"class_list":["post-4261","page","type-page","status-publish","hentry"],"acf":[],"yoast_head":"<!-- This site is optimized with the Yoast SEO plugin v26.2 - https:\/\/yoast.com\/wordpress\/plugins\/seo\/ -->\n<title>Allgemeine Verkaufs-Bedingungen - GREENOFFICE<\/title>\n<meta name=\"description\" content=\"Allgemeine Gesch\u00e4ftsbedingungen: Sehen Sie sich unsere Allgemeinen Gesch\u00e4ftsbedingungen (AGB) an: Details zu unseren Verkaufsbedingungen, Zahlungsmethoden und R\u00fcckgabebedingungen.\" \/>\n<meta name=\"robots\" content=\"index, follow, max-snippet:-1, max-image-preview:large, max-video-preview:-1\" \/>\n<link rel=\"canonical\" href=\"https:\/\/www.tabledetri.com\/de\/cgv\/\" \/>\n<meta property=\"og:locale\" content=\"de_DE\" \/>\n<meta property=\"og:type\" content=\"article\" \/>\n<meta property=\"og:title\" content=\"Allgemeine Verkaufs-Bedingungen - GREENOFFICE\" \/>\n<meta property=\"og:description\" content=\"Allgemeine Gesch\u00e4ftsbedingungen: Sehen Sie sich unsere Allgemeinen Gesch\u00e4ftsbedingungen (AGB) an: Details zu unseren Verkaufsbedingungen, Zahlungsmethoden und R\u00fcckgabebedingungen.\" \/>\n<meta property=\"og:url\" content=\"https:\/\/www.tabledetri.com\/de\/cgv\/\" \/>\n<meta property=\"og:site_name\" content=\"GREENOFFICE\" \/>\n<meta property=\"article:publisher\" content=\"https:\/\/www.facebook.com\/tabledetri\" \/>\n<meta property=\"article:modified_time\" content=\"2025-03-13T09:39:29+00:00\" \/>\n<meta name=\"twitter:card\" content=\"summary_large_image\" \/>\n<meta name=\"twitter:site\" content=\"@Trigotabledetri\" \/>\n<meta name=\"twitter:label1\" content=\"Gesch\u00e4tzte Lesezeit\" \/>\n\t<meta name=\"twitter:data1\" content=\"5\u00a0Minuten\" \/>\n<script type=\"application\/ld+json\" class=\"yoast-schema-graph\">{\"@context\":\"https:\/\/schema.org\",\"@graph\":[{\"@type\":\"WebPage\",\"@id\":\"https:\/\/www.tabledetri.com\/de\/cgv\/\",\"url\":\"https:\/\/www.tabledetri.com\/de\/cgv\/\",\"name\":\"Allgemeine Verkaufs-Bedingungen - GREENOFFICE\",\"isPartOf\":{\"@id\":\"https:\/\/www.tabledetri.com\/de\/#website\"},\"datePublished\":\"2022-08-03T10:02:36+00:00\",\"dateModified\":\"2025-03-13T09:39:29+00:00\",\"description\":\"Allgemeine Gesch\u00e4ftsbedingungen: Sehen Sie sich unsere Allgemeinen Gesch\u00e4ftsbedingungen (AGB) an: Details zu unseren Verkaufsbedingungen, Zahlungsmethoden und R\u00fcckgabebedingungen.\",\"breadcrumb\":{\"@id\":\"https:\/\/www.tabledetri.com\/de\/cgv\/#breadcrumb\"},\"inLanguage\":\"de\",\"potentialAction\":[{\"@type\":\"ReadAction\",\"target\":[\"https:\/\/www.tabledetri.com\/de\/cgv\/\"]}]},{\"@type\":\"BreadcrumbList\",\"@id\":\"https:\/\/www.tabledetri.com\/de\/cgv\/#breadcrumb\",\"itemListElement\":[{\"@type\":\"ListItem\",\"position\":1,\"name\":\"STARTSEITE\",\"item\":\"https:\/\/www.tabledetri.ch\/\"},{\"@type\":\"ListItem\",\"position\":2,\"name\":\"Allgemeine Verkaufs-Bedingungen\"}]},{\"@type\":\"WebSite\",\"@id\":\"https:\/\/www.tabledetri.com\/de\/#website\",\"url\":\"https:\/\/www.tabledetri.com\/de\/\",\"name\":\"TRIGO\",\"description\":\"Ensemble r\u00e9duisons nos d\u00e9chets !\",\"publisher\":{\"@id\":\"https:\/\/www.tabledetri.com\/de\/#organization\"},\"potentialAction\":[{\"@type\":\"SearchAction\",\"target\":{\"@type\":\"EntryPoint\",\"urlTemplate\":\"https:\/\/www.tabledetri.com\/de\/?s={search_term_string}\"},\"query-input\":{\"@type\":\"PropertyValueSpecification\",\"valueRequired\":true,\"valueName\":\"search_term_string\"}}],\"inLanguage\":\"de\"},{\"@type\":\"Organization\",\"@id\":\"https:\/\/www.tabledetri.com\/de\/#organization\",\"name\":\"TRIGO - Table de tri\",\"url\":\"https:\/\/www.tabledetri.com\/de\/\",\"logo\":{\"@type\":\"ImageObject\",\"inLanguage\":\"de\",\"@id\":\"https:\/\/www.tabledetri.com\/de\/#\/schema\/logo\/image\/\",\"url\":\"https:\/\/www.tabledetri.com\/wp-content\/uploads\/2022\/11\/logo-trigo-dark.svg\",\"contentUrl\":\"https:\/\/www.tabledetri.com\/wp-content\/uploads\/2022\/11\/logo-trigo-dark.svg\",\"width\":1,\"height\":1,\"caption\":\"TRIGO - Table de tri\"},\"image\":{\"@id\":\"https:\/\/www.tabledetri.com\/de\/#\/schema\/logo\/image\/\"},\"sameAs\":[\"https:\/\/www.facebook.com\/tabledetri\",\"https:\/\/x.com\/Trigotabledetri\"]}]}<\/script>\n<!-- \/ Yoast SEO plugin. -->","yoast_head_json":{"title":"Allgemeine Verkaufs-Bedingungen - GREENOFFICE","description":"Allgemeine Gesch\u00e4ftsbedingungen: Sehen Sie sich unsere Allgemeinen Gesch\u00e4ftsbedingungen (AGB) an: Details zu unseren Verkaufsbedingungen, Zahlungsmethoden und R\u00fcckgabebedingungen.","robots":{"index":"index","follow":"follow","max-snippet":"max-snippet:-1","max-image-preview":"max-image-preview:large","max-video-preview":"max-video-preview:-1"},"canonical":"https:\/\/www.tabledetri.com\/de\/cgv\/","og_locale":"de_DE","og_type":"article","og_title":"Allgemeine Verkaufs-Bedingungen - GREENOFFICE","og_description":"Allgemeine Gesch\u00e4ftsbedingungen: Sehen Sie sich unsere Allgemeinen Gesch\u00e4ftsbedingungen (AGB) an: Details zu unseren Verkaufsbedingungen, Zahlungsmethoden und R\u00fcckgabebedingungen.","og_url":"https:\/\/www.tabledetri.com\/de\/cgv\/","og_site_name":"GREENOFFICE","article_publisher":"https:\/\/www.facebook.com\/tabledetri","article_modified_time":"2025-03-13T09:39:29+00:00","twitter_card":"summary_large_image","twitter_site":"@Trigotabledetri","twitter_misc":{"Gesch\u00e4tzte Lesezeit":"5\u00a0Minuten"},"schema":{"@context":"https:\/\/schema.org","@graph":[{"@type":"WebPage","@id":"https:\/\/www.tabledetri.com\/de\/cgv\/","url":"https:\/\/www.tabledetri.com\/de\/cgv\/","name":"Allgemeine Verkaufs-Bedingungen - GREENOFFICE","isPartOf":{"@id":"https:\/\/www.tabledetri.com\/de\/#website"},"datePublished":"2022-08-03T10:02:36+00:00","dateModified":"2025-03-13T09:39:29+00:00","description":"Allgemeine Gesch\u00e4ftsbedingungen: Sehen Sie sich unsere Allgemeinen Gesch\u00e4ftsbedingungen (AGB) an: Details zu unseren Verkaufsbedingungen, Zahlungsmethoden und R\u00fcckgabebedingungen.","breadcrumb":{"@id":"https:\/\/www.tabledetri.com\/de\/cgv\/#breadcrumb"},"inLanguage":"de","potentialAction":[{"@type":"ReadAction","target":["https:\/\/www.tabledetri.com\/de\/cgv\/"]}]},{"@type":"BreadcrumbList","@id":"https:\/\/www.tabledetri.com\/de\/cgv\/#breadcrumb","itemListElement":[{"@type":"ListItem","position":1,"name":"STARTSEITE","item":"https:\/\/www.tabledetri.ch\/"},{"@type":"ListItem","position":2,"name":"Allgemeine Verkaufs-Bedingungen"}]},{"@type":"WebSite","@id":"https:\/\/www.tabledetri.com\/de\/#website","url":"https:\/\/www.tabledetri.com\/de\/","name":"TRIGO","description":"Ensemble r\u00e9duisons nos d\u00e9chets !","publisher":{"@id":"https:\/\/www.tabledetri.com\/de\/#organization"},"potentialAction":[{"@type":"SearchAction","target":{"@type":"EntryPoint","urlTemplate":"https:\/\/www.tabledetri.com\/de\/?s={search_term_string}"},"query-input":{"@type":"PropertyValueSpecification","valueRequired":true,"valueName":"search_term_string"}}],"inLanguage":"de"},{"@type":"Organization","@id":"https:\/\/www.tabledetri.com\/de\/#organization","name":"TRIGO - Table de tri","url":"https:\/\/www.tabledetri.com\/de\/","logo":{"@type":"ImageObject","inLanguage":"de","@id":"https:\/\/www.tabledetri.com\/de\/#\/schema\/logo\/image\/","url":"https:\/\/www.tabledetri.com\/wp-content\/uploads\/2022\/11\/logo-trigo-dark.svg","contentUrl":"https:\/\/www.tabledetri.com\/wp-content\/uploads\/2022\/11\/logo-trigo-dark.svg","width":1,"height":1,"caption":"TRIGO - Table de tri"},"image":{"@id":"https:\/\/www.tabledetri.com\/de\/#\/schema\/logo\/image\/"},"sameAs":["https:\/\/www.facebook.com\/tabledetri","https:\/\/x.com\/Trigotabledetri"]}]}},"_links":{"self":[{"href":"https:\/\/www.tabledetri.com\/de\/wp-json\/wp\/v2\/pages\/4261","targetHints":{"allow":["GET"]}}],"collection":[{"href":"https:\/\/www.tabledetri.com\/de\/wp-json\/wp\/v2\/pages"}],"about":[{"href":"https:\/\/www.tabledetri.com\/de\/wp-json\/wp\/v2\/types\/page"}],"author":[{"embeddable":true,"href":"https:\/\/www.tabledetri.com\/de\/wp-json\/wp\/v2\/users\/1"}],"replies":[{"embeddable":true,"href":"https:\/\/www.tabledetri.com\/de\/wp-json\/wp\/v2\/comments?post=4261"}],"version-history":[{"count":0,"href":"https:\/\/www.tabledetri.com\/de\/wp-json\/wp\/v2\/pages\/4261\/revisions"}],"wp:attachment":[{"href":"https:\/\/www.tabledetri.com\/de\/wp-json\/wp\/v2\/media?parent=4261"}],"curies":[{"name":"wp","href":"https:\/\/api.w.org\/{rel}","templated":true}]}}